{"id":15,"date":"2025-11-29T12:59:44","date_gmt":"2025-11-29T11:59:44","guid":{"rendered":"https:\/\/fleck.bytewerk.net\/wordpress\/?page_id=15"},"modified":"2026-05-02T12:59:40","modified_gmt":"2026-05-02T10:59:40","slug":"unsere-praxis","status":"publish","type":"page","link":"https:\/\/fleck.bytewerk.net\/wordpress\/unsere-praxis\/","title":{"rendered":"Unsere Praxis"},"content":{"rendered":"\n<figure class=\"wp-block-image aligncenter size-full is-style-default\"><img loading=\"lazy\" decoding=\"async\" width=\"308\" height=\"205\" src=\"https:\/\/fleck.bytewerk.net\/wordpress\/wp-content\/uploads\/2025\/11\/side_banner_team.jpg\" alt=\"eine Holzfigur beim Liegest\u00fctz\" class=\"wp-image-35\"\/><\/figure>\n\n\n\n<h4 class=\"wp-block-heading\">Unser Team<\/h4>\n\n\n\n<figure class=\"wp-block-table aligncenter\" style=\"font-size:15px;font-style:normal;font-weight:400\"><table class=\"has-fixed-layout\"><tbody><tr><td class=\"has-text-align-left\" data-align=\"left\"><strong>Melanie Manchen<\/strong><br><br>Osteopathin BAO,<br>Heilpraktikerin,<br>Physiotherapeutin<br><br>Entspannungstherapeutin \/ -p\u00e4dagogin<br>Ern\u00e4hrungsberaterin<br>&nbsp;&nbsp;&nbsp;&nbsp;<br><strong>Spezialgebiete<\/strong>&nbsp;&nbsp;&nbsp;&nbsp;<br>Lymph- und \u00d6demtherapeutin<br>Zertifizierte Manualtherapeutin<br>Zertifizierte Bobath Therapeutin f\u00fcr Erwachsene<\/td><td class=\"has-text-align-center\" data-align=\"center\"><img loading=\"lazy\" decoding=\"async\" width=\"200\" height=\"300\" class=\"wp-image-25\" style=\"width: 200px;\" src=\"https:\/\/fleck.bytewerk.net\/wordpress\/wp-content\/uploads\/2025\/11\/Melanie_369.jpg\" alt=\"Melanie Manchen\" srcset=\"https:\/\/fleck.bytewerk.net\/wordpress\/wp-content\/uploads\/2025\/11\/Melanie_369.jpg 225w, https:\/\/fleck.bytewerk.net\/wordpress\/wp-content\/uploads\/2025\/11\/Melanie_369-200x300.jpg 200w\" sizes=\"auto, (max-width: 200px) 100vw, 200px\" \/><\/td><\/tr><tr><td class=\"has-text-align-left\" data-align=\"left\"><strong>Annette Manchen<\/strong><br>&nbsp;&nbsp;&nbsp;<br>Zertifizierte Wellnessmassage Praktikerin<br>Zen-Shiatsu Praktikerin<br>Zhineng Qi Gong Lehrerin<br>Jin Shin Jutsu Praktikerin<br>Kinesiologin &#8222;Touch for Health&#8220;<br>Heilpflanzenkunde<br><br><br><strong>Spezialgebiete<br><\/strong><br>Fussreflexzonen Massage,<br>Hot-Stone Massage<br>Zen-Meditation<br>Shiatsu und Seiki Behandlungen<br>Meridianbehandlungen<\/td><td class=\"has-text-align-center\" data-align=\"center\"><img loading=\"lazy\" decoding=\"async\" width=\"200\" height=\"266\" class=\"wp-image-24\" style=\"width: 200px;\" src=\"https:\/\/fleck.bytewerk.net\/wordpress\/wp-content\/uploads\/2025\/11\/IMG-20200810-WA0002.jpg\" alt=\"Anette Manchen\"><\/td><\/tr><\/tbody><\/table><\/figure>\n\n\n\n<h4 class=\"wp-block-heading\">Unser Eingang<\/h4>\n\n\n\n<figure class=\"wp-block-image size-full is-resized\"><img loading=\"lazy\" decoding=\"async\" width=\"675\" height=\"450\" src=\"https:\/\/fleck.bytewerk.net\/wordpress\/wp-content\/uploads\/2026\/04\/Eingang.jpg\" alt=\"Eingang\" class=\"wp-image-323\" style=\"width:203px;height:auto\" srcset=\"https:\/\/fleck.bytewerk.net\/wordpress\/wp-content\/uploads\/2026\/04\/Eingang.jpg 675w, https:\/\/fleck.bytewerk.net\/wordpress\/wp-content\/uploads\/2026\/04\/Eingang-300x200.jpg 300w\" sizes=\"auto, (max-width: 675px) 100vw, 675px\" \/><\/figure>\n\n\n\n<h4 class=\"wp-block-heading\">Unser Empfang<\/h4>\n\n\n\n<figure class=\"wp-block-image size-full is-resized\"><img loading=\"lazy\" decoding=\"async\" width=\"434\" height=\"289\" src=\"https:\/\/fleck.bytewerk.net\/wordpress\/wp-content\/uploads\/2026\/04\/Empfang.jpg\" alt=\"Empfang\" class=\"wp-image-324\" style=\"width:208px;height:auto\" srcset=\"https:\/\/fleck.bytewerk.net\/wordpress\/wp-content\/uploads\/2026\/04\/Empfang.jpg 434w, https:\/\/fleck.bytewerk.net\/wordpress\/wp-content\/uploads\/2026\/04\/Empfang-300x200.jpg 300w\" sizes=\"auto, (max-width: 434px) 100vw, 434px\" \/><\/figure>\n\n\n\n<h4 class=\"wp-block-heading\">Unsere Praxisr\u00e4ume<\/h4>\n\n\n\n<h5 class=\"wp-block-heading\">Gruppenraum 1<\/h5>\n\n\n\n<figure class=\"wp-block-image size-full is-resized\"><img loading=\"lazy\" decoding=\"async\" width=\"675\" height=\"450\" src=\"https:\/\/fleck.bytewerk.net\/wordpress\/wp-content\/uploads\/2025\/11\/Raum-1.jpg\" alt=\"Gruppenraum1\" class=\"wp-image-31\" style=\"aspect-ratio:1.5000250941028859;width:207px;height:auto\" srcset=\"https:\/\/fleck.bytewerk.net\/wordpress\/wp-content\/uploads\/2025\/11\/Raum-1.jpg 675w, https:\/\/fleck.bytewerk.net\/wordpress\/wp-content\/uploads\/2025\/11\/Raum-1-300x200.jpg 300w\" sizes=\"auto, (max-width: 675px) 100vw, 675px\" \/><\/figure>\n\n\n\n<figure class=\"wp-block-image size-full is-resized\"><img loading=\"lazy\" decoding=\"async\" width=\"800\" height=\"355\" src=\"https:\/\/fleck.bytewerk.net\/wordpress\/wp-content\/uploads\/2025\/11\/Panorama_6.jpg\" alt=\"\" class=\"wp-image-30\" style=\"aspect-ratio:2.2535346561402454;width:208px;height:auto\" srcset=\"https:\/\/fleck.bytewerk.net\/wordpress\/wp-content\/uploads\/2025\/11\/Panorama_6.jpg 800w, https:\/\/fleck.bytewerk.net\/wordpress\/wp-content\/uploads\/2025\/11\/Panorama_6-300x133.jpg 300w, https:\/\/fleck.bytewerk.net\/wordpress\/wp-content\/uploads\/2025\/11\/Panorama_6-768x341.jpg 768w\" sizes=\"auto, (max-width: 800px) 100vw, 800px\" \/><\/figure>\n\n\n\n<h5 class=\"wp-block-heading\">Raum 2<\/h5>\n\n\n\n<figure class=\"wp-block-image size-full is-resized\"><img loading=\"lazy\" decoding=\"async\" width=\"799\" height=\"467\" src=\"https:\/\/fleck.bytewerk.net\/wordpress\/wp-content\/uploads\/2025\/11\/P1050644a.jpg\" alt=\"Raum2\" class=\"wp-image-26\" style=\"aspect-ratio:1.7109257486667577;width:208px;height:auto\" srcset=\"https:\/\/fleck.bytewerk.net\/wordpress\/wp-content\/uploads\/2025\/11\/P1050644a.jpg 799w, https:\/\/fleck.bytewerk.net\/wordpress\/wp-content\/uploads\/2025\/11\/P1050644a-300x175.jpg 300w, https:\/\/fleck.bytewerk.net\/wordpress\/wp-content\/uploads\/2025\/11\/P1050644a-768x449.jpg 768w\" sizes=\"auto, (max-width: 799px) 100vw, 799px\" \/><\/figure>\n\n\n\n<h5 class=\"wp-block-heading\">Raum3<\/h5>\n\n\n\n<figure class=\"wp-block-image size-full is-resized\"><img loading=\"lazy\" decoding=\"async\" width=\"799\" height=\"450\" src=\"https:\/\/fleck.bytewerk.net\/wordpress\/wp-content\/uploads\/2025\/11\/P1050646.jpg\" alt=\"Raum3\" class=\"wp-image-27\" style=\"aspect-ratio:1.7755912961210973;width:206px;height:auto\" srcset=\"https:\/\/fleck.bytewerk.net\/wordpress\/wp-content\/uploads\/2025\/11\/P1050646.jpg 799w, https:\/\/fleck.bytewerk.net\/wordpress\/wp-content\/uploads\/2025\/11\/P1050646-300x169.jpg 300w, https:\/\/fleck.bytewerk.net\/wordpress\/wp-content\/uploads\/2025\/11\/P1050646-768x433.jpg 768w\" sizes=\"auto, (max-width: 799px) 100vw, 799px\" \/><\/figure>\n\n\n\n<h5 class=\"wp-block-heading\">Raum 4<\/h5>\n\n\n\n<figure class=\"wp-block-image size-full is-resized\"><img loading=\"lazy\" decoding=\"async\" width=\"799\" height=\"703\" src=\"https:\/\/fleck.bytewerk.net\/wordpress\/wp-content\/uploads\/2025\/11\/Panorama_1.jpg\" alt=\"Raum4\" class=\"wp-image-28\" style=\"aspect-ratio:1.136559074668443;width:206px;height:auto\" srcset=\"https:\/\/fleck.bytewerk.net\/wordpress\/wp-content\/uploads\/2025\/11\/Panorama_1.jpg 799w, https:\/\/fleck.bytewerk.net\/wordpress\/wp-content\/uploads\/2025\/11\/Panorama_1-300x264.jpg 300w, https:\/\/fleck.bytewerk.net\/wordpress\/wp-content\/uploads\/2025\/11\/Panorama_1-768x676.jpg 768w\" sizes=\"auto, (max-width: 799px) 100vw, 799px\" \/><\/figure>\n\n\n\n<p><\/p>\n","protected":false},"excerpt":{"rendered":"<p>Unser Team Melanie Manchen Osteopathin BAO,Heilpraktikerin,Physiotherapeutin Entspannungstherapeutin \/ -p\u00e4dagoginErn\u00e4hrungsberaterin&nbsp;&nbsp;&nbsp;&nbsp;Spezialgebiete&nbsp;&nbsp;&nbsp;&nbsp;Lymph- und \u00d6demtherapeutinZertifizierte ManualtherapeutinZertifizierte Bobath Therapeutin f\u00fcr Erwachsene Annette Manchen&nbsp;&nbsp;&nbsp;Zertifizierte Wellnessmassage PraktikerinZen-Shiatsu [&hellip;]<\/p>\n","protected":false},"author":1,"featured_media":0,"parent":0,"menu_order":0,"comment_status":"closed","ping_status":"closed","template":"","meta":{"site-sidebar-layout":"default","site-content-layout":"","ast-site-content-layout":"default","site-content-style":"boxed","site-sidebar-style":"default","ast-global-header-display":"","ast-banner-title-visibility":"","ast-main-header-display":"","ast-hfb-above-header-display":"","ast-hfb-below-header-display":"","ast-hfb-mobile-header-display":"","site-post-title":"disabled","ast-breadcrumbs-content":"","ast-featured-img":"","footer-sml-layout":"","ast-disable-related-posts":"","theme-transparent-header-meta":"","adv-header-id-meta":"","stick-header-meta":"","header-above-stick-meta":"","header-main-stick-meta":"","header-below-stick-meta":"","astra-migrate-meta-layouts":"default","ast-page-background-enabled":"default","ast-page-background-meta":{"desktop":{"background-color":"var(--ast-global-color-5)","background-image":"","background-repeat":"repeat","background-position":"center center","background-size":"auto","background-attachment":"scroll","background-type":"","background-media":"","overlay-type":"","overlay-color":"","overlay-opacity":"","overlay-gradient":""},"tablet":{"background-color":"","background-image":"","background-repeat":"repeat","background-position":"center center","background-size":"auto","background-attachment":"scroll","background-type":"","background-media":"","overlay-type":"","overlay-color":"","overlay-opacity":"","overlay-gradient":""},"mobile":{"background-color":"","background-image":"","background-repeat":"repeat","background-position":"center center","background-size":"auto","background-attachment":"scroll","background-type":"","background-media":"","overlay-type":"","overlay-color":"","overlay-opacity":"","overlay-gradient":""}},"ast-content-background-meta":{"desktop":{"background-color":"var(--ast-global-color-4)","background-image":"","background-repeat":"repeat","background-position":"center center","background-size":"auto","background-attachment":"scroll","background-type":"","background-media":"","overlay-type":"","overlay-color":"","overlay-opacity":"","overlay-gradient":""},"tablet":{"background-color":"var(--ast-global-color-4)","background-image":"","background-repeat":"repeat","background-position":"center center","background-size":"auto","background-attachment":"scroll","background-type":"","background-media":"","overlay-type":"","overlay-color":"","overlay-opacity":"","overlay-gradient":""},"mobile":{"background-color":"var(--ast-global-color-4)","background-image":"","background-repeat":"repeat","background-position":"center center","background-size":"auto","background-attachment":"scroll","background-type":"","background-media":"","overlay-type":"","overlay-color":"","overlay-opacity":"","overlay-gradient":""}},"footnotes":""},"class_list":["post-15","page","type-page","status-publish","hentry"],"_links":{"self":[{"href":"https:\/\/fleck.bytewerk.net\/wordpress\/wp-json\/wp\/v2\/pages\/15","targetHints":{"allow":["GET"]}}],"collection":[{"href":"https:\/\/fleck.bytewerk.net\/wordpress\/wp-json\/wp\/v2\/pages"}],"about":[{"href":"https:\/\/fleck.bytewerk.net\/wordpress\/wp-json\/wp\/v2\/types\/page"}],"author":[{"embeddable":true,"href":"https:\/\/fleck.bytewerk.net\/wordpress\/wp-json\/wp\/v2\/users\/1"}],"replies":[{"embeddable":true,"href":"https:\/\/fleck.bytewerk.net\/wordpress\/wp-json\/wp\/v2\/comments?post=15"}],"version-history":[{"count":27,"href":"https:\/\/fleck.bytewerk.net\/wordpress\/wp-json\/wp\/v2\/pages\/15\/revisions"}],"predecessor-version":[{"id":332,"href":"https:\/\/fleck.bytewerk.net\/wordpress\/wp-json\/wp\/v2\/pages\/15\/revisions\/332"}],"wp:attachment":[{"href":"https:\/\/fleck.bytewerk.net\/wordpress\/wp-json\/wp\/v2\/media?parent=15"}],"curies":[{"name":"wp","href":"https:\/\/api.w.org\/{rel}","templated":true}]}}