{"id":342,"date":"2026-05-02T14:09:38","date_gmt":"2026-05-02T12:09:38","guid":{"rendered":"https:\/\/fleck.bytewerk.net\/wordpress\/?page_id=342"},"modified":"2026-05-02T14:09:38","modified_gmt":"2026-05-02T12:09:38","slug":"atemtherapie","status":"publish","type":"page","link":"https:\/\/fleck.bytewerk.net\/wordpress\/atemtherapie\/","title":{"rendered":"Atemtherapie"},"content":{"rendered":"\n<p>Die Atemtherapie gilt als anerkanntes Heilverfahren. Man geht davon aus, das von allen K\u00f6rperfunktionen der Atem am intensivsten mit allen anderen Ebenen des Menschen verkn\u00fcpft ist.<br>Die Atemtherapie befasst sich mit Krankheiten und Funktionsst\u00f6rungen von Lunge und Stimmapparat. Man versteht darunter verschiedene \u00dcbungen zur Verbesserung der Lungenkapazit\u00e4t. Widerst\u00e4nde sollen abgebaut werden, Fehlatembewegungsformen korrigiert, Sekrete gel\u00f6st und die Ventilation gesteigert werden.<\/p>\n","protected":false},"excerpt":{"rendered":"<p>Die Atemtherapie gilt als anerkanntes Heilverfahren. Man geht davon aus, das von allen K\u00f6rperfunktionen der Atem am intensivsten mit allen [&hellip;]<\/p>\n","protected":false},"author":1,"featured_media":0,"parent":0,"menu_order":0,"comment_status":"closed","ping_status":"closed","template":"","meta":{"site-sidebar-layout":"default","site-content-layout":"","ast-site-content-layout":"default","site-content-style":"default","site-sidebar-style":"default","ast-global-header-display":"","ast-banner-title-visibility":"","ast-main-header-display":"","ast-hfb-above-header-display":"","ast-hfb-below-header-display":"","ast-hfb-mobile-header-display":"","site-post-title":"","ast-breadcrumbs-content":"","ast-featured-img":"","footer-sml-layout":"","ast-disable-related-posts":"","theme-transparent-header-meta":"","adv-header-id-meta":"","stick-header-meta":"","header-above-stick-meta":"","header-main-stick-meta":"","header-below-stick-meta":"","astra-migrate-meta-layouts":"default","ast-page-background-enabled":"default","ast-page-background-meta":{"desktop":{"background-color":"var(--ast-global-color-5)","background-image":"","background-repeat":"repeat","background-position":"center center","background-size":"auto","background-attachment":"scroll","background-type":"","background-media":"","overlay-type":"","overlay-color":"","overlay-opacity":"","overlay-gradient":""},"tablet":{"background-color":"","background-image":"","background-repeat":"repeat","background-position":"center center","background-size":"auto","background-attachment":"scroll","background-type":"","background-media":"","overlay-type":"","overlay-color":"","overlay-opacity":"","overlay-gradient":""},"mobile":{"background-color":"","background-image":"","background-repeat":"repeat","background-position":"center center","background-size":"auto","background-attachment":"scroll","background-type":"","background-media":"","overlay-type":"","overlay-color":"","overlay-opacity":"","overlay-gradient":""}},"ast-content-background-meta":{"desktop":{"background-color":"var(--ast-global-color-4)","background-image":"","background-repeat":"repeat","background-position":"center center","background-size":"auto","background-attachment":"scroll","background-type":"","background-media":"","overlay-type":"","overlay-color":"","overlay-opacity":"","overlay-gradient":""},"tablet":{"background-color":"var(--ast-global-color-4)","background-image":"","background-repeat":"repeat","background-position":"center center","background-size":"auto","background-attachment":"scroll","background-type":"","background-media":"","overlay-type":"","overlay-color":"","overlay-opacity":"","overlay-gradient":""},"mobile":{"background-color":"var(--ast-global-color-4)","background-image":"","background-repeat":"repeat","background-position":"center center","background-size":"auto","background-attachment":"scroll","background-type":"","background-media":"","overlay-type":"","overlay-color":"","overlay-opacity":"","overlay-gradient":""}},"footnotes":""},"class_list":["post-342","page","type-page","status-publish","hentry"],"_links":{"self":[{"href":"https:\/\/fleck.bytewerk.net\/wordpress\/wp-json\/wp\/v2\/pages\/342","targetHints":{"allow":["GET"]}}],"collection":[{"href":"https:\/\/fleck.bytewerk.net\/wordpress\/wp-json\/wp\/v2\/pages"}],"about":[{"href":"https:\/\/fleck.bytewerk.net\/wordpress\/wp-json\/wp\/v2\/types\/page"}],"author":[{"embeddable":true,"href":"https:\/\/fleck.bytewerk.net\/wordpress\/wp-json\/wp\/v2\/users\/1"}],"replies":[{"embeddable":true,"href":"https:\/\/fleck.bytewerk.net\/wordpress\/wp-json\/wp\/v2\/comments?post=342"}],"version-history":[{"count":1,"href":"https:\/\/fleck.bytewerk.net\/wordpress\/wp-json\/wp\/v2\/pages\/342\/revisions"}],"predecessor-version":[{"id":344,"href":"https:\/\/fleck.bytewerk.net\/wordpress\/wp-json\/wp\/v2\/pages\/342\/revisions\/344"}],"wp:attachment":[{"href":"https:\/\/fleck.bytewerk.net\/wordpress\/wp-json\/wp\/v2\/media?parent=342"}],"curies":[{"name":"wp","href":"https:\/\/api.w.org\/{rel}","templated":true}]}}