{"id":345,"date":"2026-05-02T14:10:25","date_gmt":"2026-05-02T12:10:25","guid":{"rendered":"https:\/\/fleck.bytewerk.net\/wordpress\/?page_id=345"},"modified":"2026-05-02T14:10:26","modified_gmt":"2026-05-02T12:10:26","slug":"beckenboden-therapie","status":"publish","type":"page","link":"https:\/\/fleck.bytewerk.net\/wordpress\/beckenboden-therapie\/","title":{"rendered":"Beckenboden Therapie"},"content":{"rendered":"\n<p>Eine der bekanntesten Therapieformen f\u00fcr den Beckenboden, ist die nach Eric Franklin.<br>Eric Franklin entwickelte seine \u00dcbungen f\u00fcr den Beckenboden aus seiner reichen Erfahrung als T\u00e4nzer, Choreograph und Bewegungstherapeut. In seinem \u00dcbungsprogramm wird geistige Vorstellungskraft mit k\u00f6rperlicher Bewegung verbunden. Nach seiner \u00dcberzeugung beginnt die Bewegung im Kopf und nicht im Muskel.<br>Die Beckenbodentherapie nach Franklin verbessert Ihre K\u00f6rperhaltung. Verspannungen werden gel\u00f6st und Ihre Selbstheilungskr\u00e4fte aktiviert. Die Muskulatur wird gekr\u00e4ftigt und Ihre Vitalit\u00e4t gesteigert.<br>Erg\u00e4nzt wird unsere Behandlungsmethode durch weitere Schulungen, wie z.B. funktionelles Beckenbodentraining und das Behandlungsprinzip nach Gisela Schirmer.<\/p>\n\n\n\n<p><\/p>\n","protected":false},"excerpt":{"rendered":"<p>Eine der bekanntesten Therapieformen f\u00fcr den Beckenboden, ist die nach Eric Franklin.Eric Franklin entwickelte seine \u00dcbungen f\u00fcr den Beckenboden aus [&hellip;]<\/p>\n","protected":false},"author":1,"featured_media":0,"parent":0,"menu_order":0,"comment_status":"closed","ping_status":"closed","template":"","meta":{"site-sidebar-layout":"default","site-content-layout":"","ast-site-content-layout":"default","site-content-style":"default","site-sidebar-style":"default","ast-global-header-display":"","ast-banner-title-visibility":"","ast-main-header-display":"","ast-hfb-above-header-display":"","ast-hfb-below-header-display":"","ast-hfb-mobile-header-display":"","site-post-title":"","ast-breadcrumbs-content":"","ast-featured-img":"","footer-sml-layout":"","ast-disable-related-posts":"","theme-transparent-header-meta":"","adv-header-id-meta":"","stick-header-meta":"","header-above-stick-meta":"","header-main-stick-meta":"","header-below-stick-meta":"","astra-migrate-meta-layouts":"default","ast-page-background-enabled":"default","ast-page-background-meta":{"desktop":{"background-color":"var(--ast-global-color-5)","background-image":"","background-repeat":"repeat","background-position":"center center","background-size":"auto","background-attachment":"scroll","background-type":"","background-media":"","overlay-type":"","overlay-color":"","overlay-opacity":"","overlay-gradient":""},"tablet":{"background-color":"","background-image":"","background-repeat":"repeat","background-position":"center center","background-size":"auto","background-attachment":"scroll","background-type":"","background-media":"","overlay-type":"","overlay-color":"","overlay-opacity":"","overlay-gradient":""},"mobile":{"background-color":"","background-image":"","background-repeat":"repeat","background-position":"center center","background-size":"auto","background-attachment":"scroll","background-type":"","background-media":"","overlay-type":"","overlay-color":"","overlay-opacity":"","overlay-gradient":""}},"ast-content-background-meta":{"desktop":{"background-color":"var(--ast-global-color-4)","background-image":"","background-repeat":"repeat","background-position":"center center","background-size":"auto","background-attachment":"scroll","background-type":"","background-media":"","overlay-type":"","overlay-color":"","overlay-opacity":"","overlay-gradient":""},"tablet":{"background-color":"var(--ast-global-color-4)","background-image":"","background-repeat":"repeat","background-position":"center center","background-size":"auto","background-attachment":"scroll","background-type":"","background-media":"","overlay-type":"","overlay-color":"","overlay-opacity":"","overlay-gradient":""},"mobile":{"background-color":"var(--ast-global-color-4)","background-image":"","background-repeat":"repeat","background-position":"center center","background-size":"auto","background-attachment":"scroll","background-type":"","background-media":"","overlay-type":"","overlay-color":"","overlay-opacity":"","overlay-gradient":""}},"footnotes":""},"class_list":["post-345","page","type-page","status-publish","hentry"],"_links":{"self":[{"href":"https:\/\/fleck.bytewerk.net\/wordpress\/wp-json\/wp\/v2\/pages\/345","targetHints":{"allow":["GET"]}}],"collection":[{"href":"https:\/\/fleck.bytewerk.net\/wordpress\/wp-json\/wp\/v2\/pages"}],"about":[{"href":"https:\/\/fleck.bytewerk.net\/wordpress\/wp-json\/wp\/v2\/types\/page"}],"author":[{"embeddable":true,"href":"https:\/\/fleck.bytewerk.net\/wordpress\/wp-json\/wp\/v2\/users\/1"}],"replies":[{"embeddable":true,"href":"https:\/\/fleck.bytewerk.net\/wordpress\/wp-json\/wp\/v2\/comments?post=345"}],"version-history":[{"count":1,"href":"https:\/\/fleck.bytewerk.net\/wordpress\/wp-json\/wp\/v2\/pages\/345\/revisions"}],"predecessor-version":[{"id":347,"href":"https:\/\/fleck.bytewerk.net\/wordpress\/wp-json\/wp\/v2\/pages\/345\/revisions\/347"}],"wp:attachment":[{"href":"https:\/\/fleck.bytewerk.net\/wordpress\/wp-json\/wp\/v2\/media?parent=345"}],"curies":[{"name":"wp","href":"https:\/\/api.w.org\/{rel}","templated":true}]}}